{"id":181,"date":"2026-04-08T09:36:24","date_gmt":"2026-04-08T07:36:24","guid":{"rendered":"https:\/\/jaumevendrell.net\/illuminacio\/"},"modified":"2026-04-08T12:12:14","modified_gmt":"2026-04-08T10:12:14","slug":"illuminacio","status":"publish","type":"page","link":"https:\/\/jaumevendrell.net\/ca\/illuminacio\/","title":{"rendered":"Il\u00b7luminaci\u00f3"},"content":{"rendered":"\n<div class=\"wp-block-cover alignfull\" style=\"min-height:720px;aspect-ratio:unset;\"><span aria-hidden=\"true\" class=\"wp-block-cover__background has-background-dim-100 has-background-dim has-background-gradient has-luminous-dusk-gradient-background\"><\/span><div class=\"wp-block-cover__inner-container is-layout-flow wp-block-cover-is-layout-flow\">\n<div class=\"inherit-container-width wp-block-group alignwide is-layout-constrained wp-block-group-is-layout-constrained\">\n<div class=\"wp-block-media-text alignwide has-media-on-the-right is-stacked-on-mobile is-vertically-aligned-center\" style=\"grid-template-columns:auto 33%\"><div class=\"wp-block-media-text__content\">\n<h2 class=\"wp-block-heading has-text-align-left has-white-color has-text-color\">Il\u00b7luminaci\u00f3 professional per a esdeveniments i espais<\/h2>\n\n\n\n<p class=\"has-white-color has-text-color\">Muntatge, instal\u00b7laci\u00f3 i lloguer de sistemes d&#8217;il\u00b7luminaci\u00f3 per a tot tipus d&#8217;esdeveniments i projectes.<\/p>\n\n\n\n<div class=\"wp-block-buttons is-layout-flex wp-block-buttons-is-layout-flex\">\n<div class=\"wp-block-button\"><a class=\"wp-block-button__link has-small-font-size has-custom-font-size wp-element-button\" href=\"TEL:660263597\">TRUCAR ARA<\/a><\/div>\n\n\n\n<div class=\"wp-block-button\"><a class=\"wp-block-button__link has-ast-global-color-5-color has-vivid-green-cyan-background-color has-text-color has-background has-link-color has-small-font-size has-custom-font-size wp-element-button\" href=\"https:\/\/wa.me\/34660263597\">SOL\u00b7LICITAR PRESSUPOST<\/a><\/div>\n<\/div>\n<\/div><figure class=\"wp-block-media-text__media\"><img loading=\"lazy\" decoding=\"async\" width=\"768\" height=\"1024\" src=\"https:\/\/jaumevendrell.net\/wp-content\/uploads\/2026\/04\/73-768x1024.jpeg\" alt=\"\" class=\"wp-image-75 size-full\" srcset=\"https:\/\/jaumevendrell.net\/wp-content\/uploads\/2026\/04\/73-768x1024.jpeg 768w, https:\/\/jaumevendrell.net\/wp-content\/uploads\/2026\/04\/73-225x300.jpeg 225w, https:\/\/jaumevendrell.net\/wp-content\/uploads\/2026\/04\/73-1152x1536.jpeg 1152w, https:\/\/jaumevendrell.net\/wp-content\/uploads\/2026\/04\/73.jpeg 1200w\" sizes=\"auto, (max-width: 768px) 100vw, 768px\" \/><\/figure><\/div>\n<\/div>\n<\/div><\/div>\n\n<div class=\"wp-block-group alignfull has-background is-layout-constrained wp-container-core-group-is-layout-cfcca693 wp-block-group-is-layout-constrained\" id=\"contact\" style=\"background:linear-gradient(135deg,rgb(252,129,0) 0%,rgb(254,199,0) 100%);padding-top:104px;padding-bottom:104px\">\n<h2 class=\"wp-block-heading has-text-align-center has-ast-global-color-8-color has-text-color has-medium-font-size\">Oferim solucions completes d&#8217;il\u00b7luminaci\u00f3 per a esdeveniments, espectacles i espais p\u00fablics o privats.<\/h2>\n\n\n\n<p class=\"has-text-align-center has-ast-global-color-8-color has-text-color has-link-color wp-elements-4c3fdadf7fb9dd7d56075383ef10db46\">Ens encarreguem del muntatge, configuraci\u00f3 i manteniment de sistemes d&#8217;il\u00b7luminaci\u00f3 adaptats a cada necessitat, tant per a esdeveniments puntuals com per a instal\u00b7lacions permanents.<\/p>\n\n\n<div class=\"aligncenter wp-block-site-logo wp-duotone-dark-grayscale\"><img loading=\"lazy\" decoding=\"async\" width=\"158\" height=\"26\" src=\"https:\/\/jaumevendrell.net\/wp-content\/uploads\/2026\/04\/logoJAUME.png\" class=\"custom-logo\" alt=\"Jaume Vendrell\" srcset=\"https:\/\/jaumevendrell.net\/wp-content\/uploads\/2026\/04\/logoJAUME.png 400w, https:\/\/jaumevendrell.net\/wp-content\/uploads\/2026\/04\/logoJAUME-300x51.png 300w\" sizes=\"auto, (max-width: 158px) 100vw, 158px\" \/><\/div><\/div>\n\n<div class=\"wp-block-columns alignfull is-layout-flex wp-container-core-columns-is-layout-28f84493 wp-block-columns-is-layout-flex\">\n<div class=\"wp-block-column is-layout-flow wp-block-column-is-layout-flow\">\n<p class=\"has-text-align-center has-x-large-font-size\">\ud83d\udca1<\/p>\n\n\n\n<h3 class=\"wp-block-heading has-text-align-center has-medium-font-size\">Il\u00b7luminaci\u00f3 per a esdeveniments<\/h3>\n\n\n\n<p class=\"has-text-align-center\">Muntatge d&#8217;il\u00b7luminaci\u00f3 per a:<\/p>\n\n\n\n<ul class=\"wp-block-list\">\n<li>esdeveniments privats<\/li>\n\n\n\n<li>concerts<\/li>\n\n\n\n<li>festes<\/li>\n\n\n\n<li>espectacles<\/li>\n<\/ul>\n<\/div>\n\n\n\n<div class=\"wp-block-column is-layout-flow wp-block-column-is-layout-flow\">\n<p class=\"has-text-align-center has-x-large-font-size\">\ud83c\udfad<\/p>\n\n\n\n<h3 class=\"wp-block-heading has-text-align-center has-medium-font-size\">Il\u00b7luminaci\u00f3 esc\u00e8nica<\/h3>\n\n\n\n<p class=\"has-text-align-center\">Sistemes d&#8217;il\u00b7luminaci\u00f3 per a escenaris, actuacions i presentacions.<\/p>\n<\/div>\n\n\n\n<div class=\"wp-block-column is-layout-flow wp-block-column-is-layout-flow\">\n<p class=\"has-text-align-center has-x-large-font-size\">\ud83c\udfd9\ufe0f<\/p>\n\n\n\n<h3 class=\"wp-block-heading has-text-align-center has-medium-font-size\">Il\u00b7luminaci\u00f3 per a espais p\u00fablics<\/h3>\n\n\n\n<p class=\"has-text-align-center\">Instal\u00b7lacions en:<\/p>\n\n\n\n<ul class=\"wp-block-list\">\n<li>esdeveniments municipals<\/li>\n\n\n\n<li>carrers<\/li>\n\n\n\n<li>places<\/li>\n\n\n\n<li>fires<\/li>\n<\/ul>\n<\/div>\n\n\n\n<div class=\"wp-block-column is-layout-flow wp-block-column-is-layout-flow\">\n<p class=\"has-text-align-center has-x-large-font-size\">\ud83c\udfaa<\/p>\n\n\n\n<h3 class=\"wp-block-heading has-text-align-center has-medium-font-size\">Il\u00b7luminaci\u00f3 per a fires i esdeveniments grans<\/h3>\n\n\n\n<p class=\"has-text-align-center\">Solucions dissenyades per cobrir grans espais i esdeveniments amb alta aflu\u00e8ncia.<\/p>\n<\/div>\n\n\n\n<div class=\"wp-block-column is-layout-flow wp-block-column-is-layout-flow\">\n<p class=\"has-text-align-center has-x-large-font-size\">\ud83d\udd27<\/p>\n\n\n\n<h3 class=\"wp-block-heading has-text-align-center has-medium-font-size\">Instal\u00b7laci\u00f3 i manteniment<\/h3>\n\n\n\n<p class=\"has-text-align-center\">Realitzem:<\/p>\n\n\n\n<ul class=\"wp-block-list\">\n<li>manteniment de sistemes d&#8217;il\u00b7luminaci\u00f3<\/li>\n\n\n\n<li>instal\u00b7laci\u00f3 completa<\/li>\n\n\n\n<li>ajustos t\u00e8cnics<\/li>\n<\/ul>\n<\/div>\n<\/div>\n\n<div class=\"wp-block-group alignfull has-blush-bordeaux-gradient-background has-background is-layout-constrained wp-container-core-group-is-layout-cfcca693 wp-block-group-is-layout-constrained\" id=\"contact\" style=\"padding-top:104px;padding-bottom:104px\">\n<div class=\"wp-block-media-text alignwide is-stacked-on-mobile is-image-fill-element\"><figure class=\"wp-block-media-text__media\"><img loading=\"lazy\" decoding=\"async\" width=\"768\" height=\"1024\" src=\"https:\/\/jaumevendrell.net\/wp-content\/uploads\/2026\/04\/73-768x1024.jpeg\" alt=\"\" class=\"wp-image-75 size-full\" style=\"object-position:50% 50%\" srcset=\"https:\/\/jaumevendrell.net\/wp-content\/uploads\/2026\/04\/73-768x1024.jpeg 768w, https:\/\/jaumevendrell.net\/wp-content\/uploads\/2026\/04\/73-225x300.jpeg 225w, https:\/\/jaumevendrell.net\/wp-content\/uploads\/2026\/04\/73-1152x1536.jpeg 1152w, https:\/\/jaumevendrell.net\/wp-content\/uploads\/2026\/04\/73.jpeg 1200w\" sizes=\"auto, (max-width: 768px) 100vw, 768px\" \/><\/figure><div class=\"wp-block-media-text__content\">\n<p class=\"has-ast-global-color-5-color has-text-color has-link-color wp-elements-6924a8e200fa546a6f611779edb28cda\">No nom\u00e9s proporcionem equips, ens encarreguem de tot el proc\u00e9s t\u00e8cnic per garantir un resultat professional.<\/p>\n\n\n\n<p class=\"has-ast-global-color-5-color has-text-color has-link-color wp-elements-4dfdfb89d3fa259a6e79d274d330ad9d\">Adaptem cada projecte segons:<\/p>\n\n\n\n<ul class=\"wp-block-list\">\n<li class=\"has-ast-global-color-5-color has-text-color has-link-color wp-elements-3322cf2ab442d680a3028c9a5e847a7b\">el tipus d&#8217;esdeveniment<\/li>\n\n\n\n<li class=\"has-ast-global-color-5-color has-text-color has-link-color wp-elements-6f6e5075aa9498bceec483cf0e1a2caa\">l&#8217;espai<\/li>\n\n\n\n<li class=\"has-ast-global-color-5-color has-text-color has-link-color wp-elements-7368724f90172ceb07daf6c578867848\">el p\u00fablic<\/li>\n\n\n\n<li class=\"has-ast-global-color-5-color has-text-color has-link-color wp-elements-1d47c7bfe4f88f2ebea06ace008e8837\">les necessitats t\u00e8cniques<\/li>\n<\/ul>\n\n\n\n<p class=\"has-ast-global-color-5-color has-text-color has-link-color wp-elements-c1f364d705b0c7731180699c45151607\">Treballem amb organitzadors d&#8217;esdeveniments, empreses i administracions p\u00fabliques.<\/p>\n<\/div><\/div>\n<\/div>\n\n<figure class=\"wp-block-gallery has-nested-images columns-default is-cropped wp-block-gallery-1 is-layout-flex wp-block-gallery-is-layout-flex\">\n<figure class=\"wp-block-image size-large\"><img loading=\"lazy\" decoding=\"async\" width=\"768\" height=\"1024\" data-id=\"107\" src=\"https:\/\/jaumevendrell.net\/wp-content\/uploads\/2026\/04\/72-768x1024.jpeg\" alt=\"\" class=\"wp-image-107\" srcset=\"https:\/\/jaumevendrell.net\/wp-content\/uploads\/2026\/04\/72-768x1024.jpeg 768w, https:\/\/jaumevendrell.net\/wp-content\/uploads\/2026\/04\/72-225x300.jpeg 225w, https:\/\/jaumevendrell.net\/wp-content\/uploads\/2026\/04\/72-1152x1536.jpeg 1152w, https:\/\/jaumevendrell.net\/wp-content\/uploads\/2026\/04\/72.jpeg 1200w\" sizes=\"auto, (max-width: 768px) 100vw, 768px\" \/><\/figure>\n\n\n<figure class=\"wp-block-image size-large\"><img loading=\"lazy\" decoding=\"async\" width=\"576\" height=\"1024\" data-id=\"108\" src=\"https:\/\/jaumevendrell.net\/wp-content\/uploads\/2026\/04\/HPTY4400-576x1024.jpg\" alt=\"\" class=\"wp-image-108\" srcset=\"https:\/\/jaumevendrell.net\/wp-content\/uploads\/2026\/04\/HPTY4400-576x1024.jpg 576w, https:\/\/jaumevendrell.net\/wp-content\/uploads\/2026\/04\/HPTY4400-169x300.jpg 169w, https:\/\/jaumevendrell.net\/wp-content\/uploads\/2026\/04\/HPTY4400-768x1366.jpg 768w, https:\/\/jaumevendrell.net\/wp-content\/uploads\/2026\/04\/HPTY4400-864x1536.jpg 864w, https:\/\/jaumevendrell.net\/wp-content\/uploads\/2026\/04\/HPTY4400.jpg 899w\" sizes=\"auto, (max-width: 576px) 100vw, 576px\" \/><\/figure>\n\n\n<figure class=\"wp-block-image size-large\"><img loading=\"lazy\" decoding=\"async\" width=\"768\" height=\"1024\" data-id=\"109\" src=\"https:\/\/jaumevendrell.net\/wp-content\/uploads\/2026\/04\/95-1-768x1024.jpeg\" alt=\"\" class=\"wp-image-109\" srcset=\"https:\/\/jaumevendrell.net\/wp-content\/uploads\/2026\/04\/95-1-768x1024.jpeg 768w, https:\/\/jaumevendrell.net\/wp-content\/uploads\/2026\/04\/95-1-225x300.jpeg 225w, https:\/\/jaumevendrell.net\/wp-content\/uploads\/2026\/04\/95-1-1152x1536.jpeg 1152w, https:\/\/jaumevendrell.net\/wp-content\/uploads\/2026\/04\/95-1.jpeg 1200w\" sizes=\"auto, (max-width: 768px) 100vw, 768px\" \/><\/figure><\/figure>\n\n<div class=\"wp-block-cover alignfull is-light\" style=\"min-height:720px;aspect-ratio:unset;\"><span aria-hidden=\"true\" class=\"wp-block-cover__background has-background-dim-100 has-background-dim has-background-gradient\" style=\"background:linear-gradient(35deg,rgb(6,0,151) 0%,rgb(130,4,255) 73%,rgb(193,15,255) 100%)\"><\/span><div class=\"wp-block-cover__inner-container is-layout-flow wp-block-cover-is-layout-flow\">\n<div class=\"inherit-container-width wp-block-group alignwide is-layout-constrained wp-block-group-is-layout-constrained\">\n<h2 class=\"wp-block-heading has-text-align-center has-white-color has-text-color\">Necessiteu il\u00b7luminaci\u00f3 professional per al vostre esdeveniment o instal\u00b7laci\u00f3?<\/h2>\n\n\n\n<p class=\"has-text-align-center has-ast-global-color-5-color has-text-color has-link-color wp-elements-fd79bc019e6be36ac5459dddc8ec3a79\">Us assessorem i ens n&#8217;encarreguem de tot.<\/p>\n\n\n\n<div class=\"wp-block-buttons is-content-justification-center is-layout-flex wp-container-core-buttons-is-layout-a89b3969 wp-block-buttons-is-layout-flex\">\n<div class=\"wp-block-button\"><a class=\"wp-block-button__link has-small-font-size has-custom-font-size wp-element-button\" href=\"TEL:660263597\">TRUCAR ARA<\/a><\/div>\n\n\n\n<div class=\"wp-block-button\"><a class=\"wp-block-button__link has-ast-global-color-5-color has-vivid-green-cyan-background-color has-text-color has-background has-link-color has-small-font-size has-custom-font-size wp-element-button\" href=\"https:\/\/wa.me\/34660263597\">SOL\u00b7LICITAR PRESSUPOST<\/a><\/div>\n<\/div>\n<\/div>\n<\/div><\/div>\n","protected":false},"excerpt":{"rendered":"<p>Oferim solucions completes d&#8217;il\u00b7luminaci\u00f3 per a esdeveniments, espectacles i espais p\u00fablics o privats. Ens encarreguem del muntatge, configuraci\u00f3 i manteniment [&hellip;]<\/p>\n","protected":false},"author":1,"featured_media":0,"parent":0,"menu_order":0,"comment_status":"closed","ping_status":"closed","template":"","meta":{"site-sidebar-layout":"default","site-content-layout":"","ast-site-content-layout":"default","site-content-style":"default","site-sidebar-style":"default","ast-global-header-display":"","ast-banner-title-visibility":"","ast-main-header-display":"","ast-hfb-above-header-display":"","ast-hfb-below-header-display":"","ast-hfb-mobile-header-display":"","site-post-title":"","ast-breadcrumbs-content":"","ast-featured-img":"","footer-sml-layout":"","ast-disable-related-posts":"","theme-transparent-header-meta":"","adv-header-id-meta":"","stick-header-meta":"","header-above-stick-meta":"","header-main-stick-meta":"","header-below-stick-meta":"","astra-migrate-meta-layouts":"default","ast-page-background-enabled":"default","ast-page-background-meta":{"desktop":{"background-color":"var(--ast-global-color-5)","background-image":"","background-repeat":"repeat","background-position":"center center","background-size":"auto","background-attachment":"scroll","background-type":"","background-media":"","overlay-type":"","overlay-color":"","overlay-opacity":"","overlay-gradient":""},"tablet":{"background-color":"","background-image":"","background-repeat":"repeat","background-position":"center center","background-size":"auto","background-attachment":"scroll","background-type":"","background-media":"","overlay-type":"","overlay-color":"","overlay-opacity":"","overlay-gradient":""},"mobile":{"background-color":"","background-image":"","background-repeat":"repeat","background-position":"center center","background-size":"auto","background-attachment":"scroll","background-type":"","background-media":"","overlay-type":"","overlay-color":"","overlay-opacity":"","overlay-gradient":""}},"ast-content-background-meta":{"desktop":{"background-color":"var(--ast-global-color-4)","background-image":"","background-repeat":"repeat","background-position":"center center","background-size":"auto","background-attachment":"scroll","background-type":"","background-media":"","overlay-type":"","overlay-color":"","overlay-opacity":"","overlay-gradient":""},"tablet":{"background-color":"var(--ast-global-color-4)","background-image":"","background-repeat":"repeat","background-position":"center center","background-size":"auto","background-attachment":"scroll","background-type":"","background-media":"","overlay-type":"","overlay-color":"","overlay-opacity":"","overlay-gradient":""},"mobile":{"background-color":"var(--ast-global-color-4)","background-image":"","background-repeat":"repeat","background-position":"center center","background-size":"auto","background-attachment":"scroll","background-type":"","background-media":"","overlay-type":"","overlay-color":"","overlay-opacity":"","overlay-gradient":""}},"footnotes":""},"class_list":["post-181","page","type-page","status-publish","hentry"],"_links":{"self":[{"href":"https:\/\/jaumevendrell.net\/ca\/wp-json\/wp\/v2\/pages\/181","targetHints":{"allow":["GET"]}}],"collection":[{"href":"https:\/\/jaumevendrell.net\/ca\/wp-json\/wp\/v2\/pages"}],"about":[{"href":"https:\/\/jaumevendrell.net\/ca\/wp-json\/wp\/v2\/types\/page"}],"author":[{"embeddable":true,"href":"https:\/\/jaumevendrell.net\/ca\/wp-json\/wp\/v2\/users\/1"}],"replies":[{"embeddable":true,"href":"https:\/\/jaumevendrell.net\/ca\/wp-json\/wp\/v2\/comments?post=181"}],"version-history":[{"count":2,"href":"https:\/\/jaumevendrell.net\/ca\/wp-json\/wp\/v2\/pages\/181\/revisions"}],"predecessor-version":[{"id":184,"href":"https:\/\/jaumevendrell.net\/ca\/wp-json\/wp\/v2\/pages\/181\/revisions\/184"}],"wp:attachment":[{"href":"https:\/\/jaumevendrell.net\/ca\/wp-json\/wp\/v2\/media?parent=181"}],"curies":[{"name":"wp","href":"https:\/\/api.w.org\/{rel}","templated":true}]}}