{"id":186,"date":"2026-04-08T09:36:24","date_gmt":"2026-04-08T07:36:24","guid":{"rendered":"https:\/\/jaumevendrell.net\/lloguer-per-a-esdeveniments\/"},"modified":"2026-04-08T12:12:38","modified_gmt":"2026-04-08T10:12:38","slug":"lloguer-per-a-esdeveniments","status":"publish","type":"page","link":"https:\/\/jaumevendrell.net\/ca\/lloguer-per-a-esdeveniments\/","title":{"rendered":"Lloguer per a esdeveniments"},"content":{"rendered":"\n<div class=\"wp-block-cover alignfull\" style=\"min-height:720px;aspect-ratio:unset;\"><span aria-hidden=\"true\" class=\"wp-block-cover__background has-background-dim-100 has-background-dim has-background-gradient has-midnight-gradient-background\"><\/span><div class=\"wp-block-cover__inner-container is-layout-flow wp-block-cover-is-layout-flow\">\n<div class=\"inherit-container-width wp-block-group alignwide is-layout-constrained wp-block-group-is-layout-constrained\">\n<div class=\"wp-block-media-text alignwide has-media-on-the-right is-stacked-on-mobile is-vertically-aligned-center is-image-fill-element\" style=\"grid-template-columns:auto 33%\"><div class=\"wp-block-media-text__content\">\n<h2 class=\"wp-block-heading has-text-align-left has-white-color has-text-color\">Lloguer de material per a esdeveniments<\/h2>\n\n\n\n<p class=\"has-white-color has-text-color\">Carpes, taules i cadires per a tot tipus d&#8217;esdeveniments, celebracions i muntatges.<\/p>\n\n\n\n<div class=\"wp-block-buttons is-layout-flex wp-block-buttons-is-layout-flex\">\n<div class=\"wp-block-button\"><a class=\"wp-block-button__link has-small-font-size has-custom-font-size wp-element-button\" href=\"TEL:660263597\">TRUCAR ARA<\/a><\/div>\n\n\n\n<div class=\"wp-block-button\"><a class=\"wp-block-button__link has-ast-global-color-5-color has-vivid-green-cyan-background-color has-text-color has-background has-link-color has-small-font-size has-custom-font-size wp-element-button\" href=\"https:\/\/wa.me\/34660263597\">SOL\u00b7LICITAR PRESSUPOST<\/a><\/div>\n<\/div>\n<\/div><figure class=\"wp-block-media-text__media\"><img loading=\"lazy\" decoding=\"async\" width=\"1024\" height=\"768\" src=\"https:\/\/jaumevendrell.net\/wp-content\/uploads\/2026\/04\/WhatsApp-Image-2026-02-06-at-13.23.32-1024x768.jpeg\" alt=\"\" class=\"wp-image-143 size-full\" style=\"object-position:50% 50%\" srcset=\"https:\/\/jaumevendrell.net\/wp-content\/uploads\/2026\/04\/WhatsApp-Image-2026-02-06-at-13.23.32-1024x768.jpeg 1024w, https:\/\/jaumevendrell.net\/wp-content\/uploads\/2026\/04\/WhatsApp-Image-2026-02-06-at-13.23.32-300x225.jpeg 300w, https:\/\/jaumevendrell.net\/wp-content\/uploads\/2026\/04\/WhatsApp-Image-2026-02-06-at-13.23.32-768x576.jpeg 768w, https:\/\/jaumevendrell.net\/wp-content\/uploads\/2026\/04\/WhatsApp-Image-2026-02-06-at-13.23.32-1536x1152.jpeg 1536w, https:\/\/jaumevendrell.net\/wp-content\/uploads\/2026\/04\/WhatsApp-Image-2026-02-06-at-13.23.32.jpeg 1600w\" sizes=\"auto, (max-width: 1024px) 100vw, 1024px\" \/><\/figure><\/div>\n<\/div>\n<\/div><\/div>\n\n<div class=\"wp-block-group alignfull has-blush-bordeaux-gradient-background has-background is-layout-constrained wp-container-core-group-is-layout-cfcca693 wp-block-group-is-layout-constrained\" id=\"contact\" style=\"padding-top:104px;padding-bottom:104px\">\n<h2 class=\"wp-block-heading has-text-align-center has-ast-global-color-7-color has-text-color has-medium-font-size\">Oferim servei de lloguer de material per a esdeveniments, amb opcions pr\u00e0ctiques i adaptades a tot tipus de celebracions.<\/h2>\n\n\n\n<p class=\"has-text-align-center has-ast-global-color-5-color has-text-color has-link-color wp-elements-92ffae594139539ed2ff09acf0311daf\">Ens encarreguem del subministrament i, si ho necessiteu, del muntatge perqu\u00e8 no us h\u00e0giu de preocupar per res.<\/p>\n\n\n<div class=\"aligncenter wp-block-site-logo\"><img loading=\"lazy\" decoding=\"async\" width=\"158\" height=\"26\" src=\"https:\/\/jaumevendrell.net\/wp-content\/uploads\/2026\/04\/logoJAUME.png\" class=\"custom-logo\" alt=\"Jaume Vendrell\" srcset=\"https:\/\/jaumevendrell.net\/wp-content\/uploads\/2026\/04\/logoJAUME.png 400w, https:\/\/jaumevendrell.net\/wp-content\/uploads\/2026\/04\/logoJAUME-300x51.png 300w\" sizes=\"auto, (max-width: 158px) 100vw, 158px\" \/><\/div><\/div>\n\n<div class=\"wp-block-columns alignfull is-layout-flex wp-container-core-columns-is-layout-28f84493 wp-block-columns-is-layout-flex\">\n<div class=\"wp-block-column is-layout-flow wp-block-column-is-layout-flow\">\n<p class=\"has-text-align-center has-x-large-font-size\">\u26fa<\/p>\n\n\n\n<h3 class=\"wp-block-heading has-text-align-center has-medium-font-size\">Carpes<\/h3>\n\n\n\n<p>Carpes ideals per a:<\/p>\n\n\n\n<ul class=\"wp-block-list\">\n<li>celebracions privades<\/li>\n\n\n\n<li>esdeveniments a l&#8217;aire lliure<\/li>\n\n\n\n<li>fires<\/li>\n<\/ul>\n<\/div>\n\n\n\n<div class=\"wp-block-column is-layout-flow wp-block-column-is-layout-flow\">\n<p class=\"has-text-align-center has-x-large-font-size\">\ud83e\ude91<\/p>\n\n\n\n<h3 class=\"wp-block-heading has-text-align-center has-medium-font-size\">Taules i cadires<\/h3>\n\n\n\n<p>Material b\u00e0sic per a:<\/p>\n\n\n\n<ul class=\"wp-block-list\">\n<li>celebracions<\/li>\n\n\n\n<li>esdeveniments<\/li>\n\n\n\n<li>festes<\/li>\n\n\n\n<li>reunions<\/li>\n<\/ul>\n<\/div>\n\n\n\n<div class=\"wp-block-column is-layout-flow wp-block-column-is-layout-flow\">\n<p class=\"has-text-align-center has-x-large-font-size\">\ud83d\udd0a<\/p>\n\n\n\n<h3 class=\"wp-block-heading has-text-align-center has-medium-font-size\">Equips de so<\/h3>\n\n\n\n<p>Lloguer d&#8217;equips de megafonia per a esdeveniments, celebracions i actes p\u00fablics.<\/p>\n<\/div>\n\n\n\n<div class=\"wp-block-column is-layout-flow wp-block-column-is-layout-flow\">\n<p class=\"has-text-align-center has-x-large-font-size\">\ud83d\udca1<\/p>\n\n\n\n<h3 class=\"wp-block-heading has-text-align-center has-medium-font-size\">Il\u00b7luminaci\u00f3 per a esdeveniments<\/h3>\n\n\n\n<p>Equips d&#8217;il\u00b7luminaci\u00f3 per ambientar espais i crear experi\u00e8ncies visuals.<\/p>\n<\/div>\n\n\n\n<div class=\"wp-block-column is-layout-flow wp-block-column-is-layout-flow\">\n<p class=\"has-text-align-center has-x-large-font-size\">\ud83c\udfa5<\/p>\n\n\n\n<h3 class=\"wp-block-heading has-text-align-center has-medium-font-size\">Projectors i pantalles<\/h3>\n\n\n\n<p>Sistemes audiovisuals per a:<\/p>\n\n\n\n<ul class=\"wp-block-list\">\n<li>espectacles<\/li>\n\n\n\n<li>presentacions<\/li>\n\n\n\n<li>esdeveniments<\/li>\n<\/ul>\n<\/div>\n<\/div>\n\n<div class=\"wp-block-group alignfull has-cool-to-warm-spectrum-gradient-background has-background is-layout-constrained wp-container-core-group-is-layout-cfcca693 wp-block-group-is-layout-constrained\" id=\"contact\" style=\"padding-top:104px;padding-bottom:104px\">\n<div class=\"wp-block-media-text alignwide is-stacked-on-mobile is-image-fill-element\"><figure class=\"wp-block-media-text__media\"><img loading=\"lazy\" decoding=\"async\" width=\"1024\" height=\"768\" src=\"https:\/\/jaumevendrell.net\/wp-content\/uploads\/2026\/04\/KIHQ7100-1024x768.jpg\" alt=\"\" class=\"wp-image-141 size-full\" style=\"object-position:50% 50%\" srcset=\"https:\/\/jaumevendrell.net\/wp-content\/uploads\/2026\/04\/KIHQ7100-1024x768.jpg 1024w, https:\/\/jaumevendrell.net\/wp-content\/uploads\/2026\/04\/KIHQ7100-300x225.jpg 300w, https:\/\/jaumevendrell.net\/wp-content\/uploads\/2026\/04\/KIHQ7100-768x576.jpg 768w, https:\/\/jaumevendrell.net\/wp-content\/uploads\/2026\/04\/KIHQ7100-1536x1152.jpg 1536w, https:\/\/jaumevendrell.net\/wp-content\/uploads\/2026\/04\/KIHQ7100.jpg 1600w\" sizes=\"auto, (max-width: 1024px) 100vw, 1024px\" \/><\/figure><div class=\"wp-block-media-text__content\">\n<p class=\"has-ast-global-color-5-color has-text-color has-link-color wp-elements-70c0132389c312a57efe482ae5db0713\">SERVEI COMPLET<\/p>\n\n\n\n<p class=\"has-ast-global-color-5-color has-text-color has-link-color wp-elements-4b60f341eba4afa06a93352fbaf391cf\">No nom\u00e9s lloguem material, tamb\u00e9 oferim un servei complet per facilitar l&#8217;organitzaci\u00f3 de l&#8217;esdeveniment:<\/p>\n\n\n\n<ul class=\"wp-block-list has-ast-global-color-5-color has-text-color has-link-color wp-elements-fe25379c010e2b888fa66fb3e31ba627\">\n<li>assessorament segons el tipus d&#8217;esdeveniment<\/li>\n\n\n\n<li>transport del material<\/li>\n\n\n\n<li>muntatge i desmuntatge<\/li>\n<\/ul>\n<\/div><\/div>\n<\/div>\n\n<div class=\"wp-block-cover alignfull is-light\" style=\"min-height:720px;aspect-ratio:unset;\"><span aria-hidden=\"true\" class=\"wp-block-cover__background has-background-dim-100 has-background-dim has-background-gradient\" style=\"background:linear-gradient(35deg,rgb(6,0,151) 0%,rgb(130,4,255) 73%,rgb(193,15,255) 100%)\"><\/span><div class=\"wp-block-cover__inner-container is-layout-flow wp-block-cover-is-layout-flow\">\n<div class=\"inherit-container-width wp-block-group alignwide is-layout-constrained wp-block-group-is-layout-constrained\">\n<h2 class=\"wp-block-heading has-text-align-center has-white-color has-text-color\">Necessiteu material per al vostre esdeveniment?<\/h2>\n\n\n\n<p class=\"has-text-align-center has-ast-global-color-5-color has-text-color has-link-color wp-elements-64459d8c45c59e9fe2268070968aea1f\">Consulteu-nos disponibilitat i us preparem una proposta a mida.<\/p>\n\n\n\n<div class=\"wp-block-buttons is-content-justification-center is-layout-flex wp-container-core-buttons-is-layout-a89b3969 wp-block-buttons-is-layout-flex\">\n<div class=\"wp-block-button\"><a class=\"wp-block-button__link has-small-font-size has-custom-font-size wp-element-button\" href=\"TEL:660263597\">TRUCAR ARA<\/a><\/div>\n\n\n\n<div class=\"wp-block-button\"><a class=\"wp-block-button__link has-ast-global-color-5-color has-vivid-green-cyan-background-color has-text-color has-background has-link-color has-small-font-size has-custom-font-size wp-element-button\" href=\"https:\/\/wa.me\/34660263597\">SOL\u00b7LICITAR PRESSUPOST<\/a><\/div>\n<\/div>\n<\/div>\n<\/div><\/div>\n","protected":false},"excerpt":{"rendered":"<p>Oferim servei de lloguer de material per a esdeveniments, amb opcions pr\u00e0ctiques i adaptades a tot tipus de celebracions. Ens [&hellip;]<\/p>\n","protected":false},"author":1,"featured_media":0,"parent":0,"menu_order":0,"comment_status":"closed","ping_status":"closed","template":"","meta":{"site-sidebar-layout":"default","site-content-layout":"","ast-site-content-layout":"default","site-content-style":"default","site-sidebar-style":"default","ast-global-header-display":"","ast-banner-title-visibility":"","ast-main-header-display":"","ast-hfb-above-header-display":"","ast-hfb-below-header-display":"","ast-hfb-mobile-header-display":"","site-post-title":"","ast-breadcrumbs-content":"","ast-featured-img":"","footer-sml-layout":"","ast-disable-related-posts":"","theme-transparent-header-meta":"","adv-header-id-meta":"","stick-header-meta":"","header-above-stick-meta":"","header-main-stick-meta":"","header-below-stick-meta":"","astra-migrate-meta-layouts":"default","ast-page-background-enabled":"default","ast-page-background-meta":{"desktop":{"background-color":"var(--ast-global-color-5)","background-image":"","background-repeat":"repeat","background-position":"center center","background-size":"auto","background-attachment":"scroll","background-type":"","background-media":"","overlay-type":"","overlay-color":"","overlay-opacity":"","overlay-gradient":""},"tablet":{"background-color":"","background-image":"","background-repeat":"repeat","background-position":"center center","background-size":"auto","background-attachment":"scroll","background-type":"","background-media":"","overlay-type":"","overlay-color":"","overlay-opacity":"","overlay-gradient":""},"mobile":{"background-color":"","background-image":"","background-repeat":"repeat","background-position":"center center","background-size":"auto","background-attachment":"scroll","background-type":"","background-media":"","overlay-type":"","overlay-color":"","overlay-opacity":"","overlay-gradient":""}},"ast-content-background-meta":{"desktop":{"background-color":"var(--ast-global-color-4)","background-image":"","background-repeat":"repeat","background-position":"center center","background-size":"auto","background-attachment":"scroll","background-type":"","background-media":"","overlay-type":"","overlay-color":"","overlay-opacity":"","overlay-gradient":""},"tablet":{"background-color":"var(--ast-global-color-4)","background-image":"","background-repeat":"repeat","background-position":"center center","background-size":"auto","background-attachment":"scroll","background-type":"","background-media":"","overlay-type":"","overlay-color":"","overlay-opacity":"","overlay-gradient":""},"mobile":{"background-color":"var(--ast-global-color-4)","background-image":"","background-repeat":"repeat","background-position":"center center","background-size":"auto","background-attachment":"scroll","background-type":"","background-media":"","overlay-type":"","overlay-color":"","overlay-opacity":"","overlay-gradient":""}},"footnotes":""},"class_list":["post-186","page","type-page","status-publish","hentry"],"_links":{"self":[{"href":"https:\/\/jaumevendrell.net\/ca\/wp-json\/wp\/v2\/pages\/186","targetHints":{"allow":["GET"]}}],"collection":[{"href":"https:\/\/jaumevendrell.net\/ca\/wp-json\/wp\/v2\/pages"}],"about":[{"href":"https:\/\/jaumevendrell.net\/ca\/wp-json\/wp\/v2\/types\/page"}],"author":[{"embeddable":true,"href":"https:\/\/jaumevendrell.net\/ca\/wp-json\/wp\/v2\/users\/1"}],"replies":[{"embeddable":true,"href":"https:\/\/jaumevendrell.net\/ca\/wp-json\/wp\/v2\/comments?post=186"}],"version-history":[{"count":1,"href":"https:\/\/jaumevendrell.net\/ca\/wp-json\/wp\/v2\/pages\/186\/revisions"}],"predecessor-version":[{"id":187,"href":"https:\/\/jaumevendrell.net\/ca\/wp-json\/wp\/v2\/pages\/186\/revisions\/187"}],"wp:attachment":[{"href":"https:\/\/jaumevendrell.net\/ca\/wp-json\/wp\/v2\/media?parent=186"}],"curies":[{"name":"wp","href":"https:\/\/api.w.org\/{rel}","templated":true}]}}