{"id":188,"date":"2026-04-08T09:36:24","date_gmt":"2026-04-08T07:36:24","guid":{"rendered":"https:\/\/jaumevendrell.net\/atraccions-i-animacio\/"},"modified":"2026-04-08T12:12:38","modified_gmt":"2026-04-08T10:12:38","slug":"atraccions-i-animacio","status":"publish","type":"page","link":"https:\/\/jaumevendrell.net\/ca\/atraccions-i-animacio\/","title":{"rendered":"Atraccions i animaci\u00f3"},"content":{"rendered":"\n<div class=\"wp-block-cover alignfull\" style=\"min-height:720px;aspect-ratio:unset;\"><span aria-hidden=\"true\" class=\"wp-block-cover__background has-background-dim-100 has-background-dim has-background-gradient has-midnight-gradient-background\"><\/span><div class=\"wp-block-cover__inner-container is-layout-flow wp-block-cover-is-layout-flow\">\n<div class=\"inherit-container-width wp-block-group alignwide is-layout-constrained wp-block-group-is-layout-constrained\">\n<div class=\"wp-block-media-text alignwide has-media-on-the-right is-stacked-on-mobile is-vertically-aligned-center\" style=\"grid-template-columns:auto 33%\"><div class=\"wp-block-media-text__content\">\n<h2 class=\"wp-block-heading has-text-align-left has-white-color has-text-color\">Animaci\u00f3 i atraccions per a esdeveniments inoblidables<\/h2>\n\n\n\n<p class=\"has-white-color has-text-color\">Solucions d\u2019entreteniment per a festes, esdeveniments i celebracions per a totes les edats.<\/p>\n\n\n\n<div class=\"wp-block-buttons is-layout-flex wp-block-buttons-is-layout-flex\">\n<div class=\"wp-block-button\"><a class=\"wp-block-button__link has-small-font-size has-custom-font-size wp-element-button\" href=\"TEL:660263597\">TRUCAR ARA<\/a><\/div>\n\n\n\n<div class=\"wp-block-button\"><a class=\"wp-block-button__link has-ast-global-color-5-color has-vivid-green-cyan-background-color has-text-color has-background has-link-color has-small-font-size has-custom-font-size wp-element-button\" href=\"https:\/\/wa.me\/34660263597\">SOL\u00b7LICITAR PRESSUPOST<\/a><\/div>\n<\/div>\n<\/div><figure class=\"wp-block-media-text__media\"><img loading=\"lazy\" decoding=\"async\" width=\"1200\" height=\"1600\" src=\"https:\/\/jaumevendrell.net\/wp-content\/uploads\/2026\/04\/24-768x1024.jpeg\" alt=\"\" class=\"wp-image-71 size-full\" srcset=\"https:\/\/jaumevendrell.net\/wp-content\/uploads\/2026\/04\/24-768x1024.jpeg 768w, https:\/\/jaumevendrell.net\/wp-content\/uploads\/2026\/04\/24-225x300.jpeg 225w, https:\/\/jaumevendrell.net\/wp-content\/uploads\/2026\/04\/24-1152x1536.jpeg 1152w, https:\/\/jaumevendrell.net\/wp-content\/uploads\/2026\/04\/24.jpeg 1200w\" sizes=\"auto, (max-width: 1200px) 100vw, 1200px\" \/><\/figure><\/div>\n<\/div>\n<\/div><\/div>\n\n<div class=\"wp-block-group alignfull has-blush-bordeaux-gradient-background has-background is-layout-constrained wp-container-core-group-is-layout-cfcca693 wp-block-group-is-layout-constrained\" id=\"contact\" style=\"padding-top:104px;padding-bottom:104px\">\n<h2 class=\"wp-block-heading has-text-align-center has-ast-global-color-7-color has-text-color has-medium-font-size\">Oferim una \u00e0mplia varietat d\u2019atraccions i serveis d\u2019animaci\u00f3 per a esdeveniments p\u00fablics i privats.<\/h2>\n\n\n\n<p class=\"has-text-align-center has-ast-global-color-5-color has-text-color has-link-color wp-elements-2ad904be6119c62a498517da02a53424\">Des de festes infantils fins a esdeveniments multitudinaris, creem experi\u00e8ncies divertides i memorables adaptades a cada ocasi\u00f3.<\/p>\n\n\n<div class=\"aligncenter wp-block-site-logo\"><img loading=\"lazy\" decoding=\"async\" width=\"158\" height=\"26\" src=\"https:\/\/jaumevendrell.net\/wp-content\/uploads\/2026\/04\/logoJAUME.png\" class=\"custom-logo\" alt=\"Jaume Vendrell\" srcset=\"https:\/\/jaumevendrell.net\/wp-content\/uploads\/2026\/04\/logoJAUME.png 400w, https:\/\/jaumevendrell.net\/wp-content\/uploads\/2026\/04\/logoJAUME-300x51.png 300w\" sizes=\"auto, (max-width: 158px) 100vw, 158px\" \/><\/div><\/div>\n\n<div class=\"wp-block-columns alignfull is-layout-flex wp-container-core-columns-is-layout-28f84493 wp-block-columns-is-layout-flex\">\n<div class=\"wp-block-column is-layout-flow wp-block-column-is-layout-flow\">\n<p class=\"has-text-align-center has-x-large-font-size\">\ud83c\udf89<\/p>\n\n\n\n<h3 class=\"wp-block-heading has-text-align-center has-medium-font-size\">Festa de l\u2019escuma<\/h3>\n\n\n\n<p>Un dels serveis m\u00e9s demandats per a l\u2019estiu i esdeveniments a l\u2019aire lliure.<\/p>\n<\/div>\n\n\n\n<div class=\"wp-block-column is-layout-flow wp-block-column-is-layout-flow\">\n<p class=\"has-text-align-center has-x-large-font-size\">\ud83e\udee7<\/p>\n\n\n\n<h3 class=\"wp-block-heading has-text-align-center has-medium-font-size\">M\u00e0quina de bombolles<\/h3>\n\n\n\n<p>Efectes visuals ideals per animar esdeveniments i espectacles.<\/p>\n<\/div>\n\n\n\n<div class=\"wp-block-column is-layout-flow wp-block-column-is-layout-flow\">\n<p class=\"has-text-align-center has-x-large-font-size\">\ud83c\udf8a<\/p>\n\n\n\n<h3 class=\"wp-block-heading has-text-align-center has-medium-font-size\">M\u00e0quina de confeti<\/h3>\n\n\n\n<p>Impacte visual per a moments clau en esdeveniments i celebracions.<\/p>\n<\/div>\n\n\n\n<div class=\"wp-block-column is-layout-flow wp-block-column-is-layout-flow\">\n<p class=\"has-text-align-center has-x-large-font-size\">\ud83c\udf7f<\/p>\n\n\n\n<h3 class=\"wp-block-heading has-text-align-center has-medium-font-size\">M\u00e0quina de crispetes<\/h3>\n\n\n\n<p>Un cl\u00e0ssic que sempre funciona en esdeveniments infantils i familiars.<\/p>\n<\/div>\n<\/div>\n\n<div class=\"wp-block-columns alignfull is-layout-flex wp-container-core-columns-is-layout-28f84493 wp-block-columns-is-layout-flex\">\n<div class=\"wp-block-column is-layout-flow wp-block-column-is-layout-flow\">\n<p class=\"has-text-align-center has-x-large-font-size\">\ud83c\udf6d<\/p>\n\n\n\n<h3 class=\"wp-block-heading has-text-align-center has-medium-font-size\">M\u00e0quina de cot\u00f3 de sucre<\/h3>\n\n\n\n<p>Ideal per crear un ambient festiu i atractiu per als m\u00e9s petits.<\/p>\n<\/div>\n\n\n\n<div class=\"wp-block-column is-layout-flow wp-block-column-is-layout-flow\">\n<p class=\"has-text-align-center has-x-large-font-size\">\ud83d\udc3e<\/p>\n\n\n\n<h3 class=\"wp-block-heading has-text-align-center has-medium-font-size\">Animals a bateria<\/h3>\n\n\n\n<p>Atraccions infantils amb animals el\u00e8ctrics per muntar-hi.<\/p>\n<\/div>\n\n\n\n<div class=\"wp-block-column is-layout-flow wp-block-column-is-layout-flow\">\n<p class=\"has-text-align-center has-x-large-font-size\">\ud83d\udeb2<\/p>\n\n\n\n<h3 class=\"wp-block-heading has-text-align-center has-medium-font-size\">Balanz bikes<\/h3>\n\n\n\n<p>Activitat divertida i din\u00e0mica per a nens i esdeveniments familiars.<\/p>\n<\/div>\n\n\n\n<div class=\"wp-block-column is-layout-flow wp-block-column-is-layout-flow\">\n<p class=\"has-text-align-center has-x-large-font-size\">\ud83e\udd16<\/p>\n\n\n\n<h3 class=\"wp-block-heading has-text-align-center has-medium-font-size\">Atraccions el\u00e8ctriques i robots<\/h3>\n\n\n\n<p>Opcions d\u2019entreteniment innovadores per a esdeveniments.<\/p>\n<\/div>\n<\/div>\n\n<div class=\"wp-block-group alignfull has-cool-to-warm-spectrum-gradient-background has-background is-layout-constrained wp-container-core-group-is-layout-cfcca693 wp-block-group-is-layout-constrained\" id=\"contact\" style=\"padding-top:104px;padding-bottom:104px\">\n<div class=\"wp-block-media-text alignwide is-stacked-on-mobile is-image-fill-element\"><figure class=\"wp-block-media-text__media\"><img loading=\"lazy\" decoding=\"async\" width=\"768\" height=\"1024\" src=\"https:\/\/jaumevendrell.net\/wp-content\/uploads\/2026\/04\/37-768x1024.jpeg\" alt=\"\" class=\"wp-image-130 size-full\" style=\"object-position:50% 50%\" srcset=\"https:\/\/jaumevendrell.net\/wp-content\/uploads\/2026\/04\/37-768x1024.jpeg 768w, https:\/\/jaumevendrell.net\/wp-content\/uploads\/2026\/04\/37-225x300.jpeg 225w, https:\/\/jaumevendrell.net\/wp-content\/uploads\/2026\/04\/37-1152x1536.jpeg 1152w, https:\/\/jaumevendrell.net\/wp-content\/uploads\/2026\/04\/37.jpeg 1200w\" sizes=\"auto, (max-width: 768px) 100vw, 768px\" \/><\/figure><div class=\"wp-block-media-text__content\">\n<p class=\"has-ast-global-color-5-color has-text-color has-link-color wp-elements-2780efb8d789a067322df6beb96fff56\">Ens encarreguem de tot perqu\u00e8 el vostre esdeveniment sigui un \u00e8xit:<\/p>\n\n\n\n<ul class=\"wp-block-list\">\n<li class=\"has-ast-global-color-5-color has-text-color has-link-color wp-elements-cc9fd21361a223d5d025000f9d7c1986\">muntatge i desmuntatge<\/li>\n\n\n\n<li class=\"has-ast-global-color-5-color has-text-color has-link-color wp-elements-fef86d0a52a327685c1aae0c7ba01791\">equips a punt per utilitzar<\/li>\n\n\n\n<li class=\"has-ast-global-color-5-color has-text-color has-link-color wp-elements-4aad3bf1567bf951f355b9803916d872\">assessorament segons el tipus d\u2019esdeveniment<\/li>\n\n\n\n<li class=\"has-ast-global-color-5-color has-text-color has-link-color wp-elements-857bd7bf653c90504a9ea265f89ac890\">opcions adaptades a cada p\u00fablic<\/li>\n<\/ul>\n\n\n\n<p class=\"has-ast-global-color-5-color has-text-color has-link-color wp-elements-d4684f9a977817b894304c5d98e4e724\">Creem experi\u00e8ncies, no nom\u00e9s serveis.<\/p>\n<\/div><\/div>\n<\/div>\n\n<figure class=\"wp-block-gallery has-nested-images columns-default is-cropped wp-block-gallery-1 is-layout-flex wp-block-gallery-is-layout-flex\">\n<figure class=\"wp-block-image size-large\"><img loading=\"lazy\" decoding=\"async\" width=\"1600\" height=\"1200\" data-id=\"132\" src=\"https:\/\/jaumevendrell.net\/wp-content\/uploads\/2026\/04\/68-1024x768.jpeg\" alt=\"\" class=\"wp-image-132\" srcset=\"https:\/\/jaumevendrell.net\/wp-content\/uploads\/2026\/04\/68-1024x768.jpeg 1024w, https:\/\/jaumevendrell.net\/wp-content\/uploads\/2026\/04\/68-300x225.jpeg 300w, https:\/\/jaumevendrell.net\/wp-content\/uploads\/2026\/04\/68-768x576.jpeg 768w, https:\/\/jaumevendrell.net\/wp-content\/uploads\/2026\/04\/68-1536x1152.jpeg 1536w, https:\/\/jaumevendrell.net\/wp-content\/uploads\/2026\/04\/68.jpeg 1600w\" sizes=\"auto, (max-width: 1600px) 100vw, 1600px\" \/><\/figure>\n\n\n<figure class=\"wp-block-image size-large\"><img loading=\"lazy\" decoding=\"async\" width=\"768\" height=\"1024\" data-id=\"133\" src=\"https:\/\/jaumevendrell.net\/wp-content\/uploads\/2026\/04\/79-768x1024.jpeg\" alt=\"\" class=\"wp-image-133\" srcset=\"https:\/\/jaumevendrell.net\/wp-content\/uploads\/2026\/04\/79-768x1024.jpeg 768w, https:\/\/jaumevendrell.net\/wp-content\/uploads\/2026\/04\/79-225x300.jpeg 225w, https:\/\/jaumevendrell.net\/wp-content\/uploads\/2026\/04\/79-1152x1536.jpeg 1152w, https:\/\/jaumevendrell.net\/wp-content\/uploads\/2026\/04\/79.jpeg 1200w\" sizes=\"auto, (max-width: 768px) 100vw, 768px\" \/><\/figure>\n\n\n<figure class=\"wp-block-image size-large\"><img loading=\"lazy\" decoding=\"async\" width=\"1024\" height=\"768\" data-id=\"134\" src=\"https:\/\/jaumevendrell.net\/wp-content\/uploads\/2026\/04\/81-1024x768.jpeg\" alt=\"\" class=\"wp-image-134\" srcset=\"https:\/\/jaumevendrell.net\/wp-content\/uploads\/2026\/04\/81-1024x768.jpeg 1024w, https:\/\/jaumevendrell.net\/wp-content\/uploads\/2026\/04\/81-300x225.jpeg 300w, https:\/\/jaumevendrell.net\/wp-content\/uploads\/2026\/04\/81-768x576.jpeg 768w, https:\/\/jaumevendrell.net\/wp-content\/uploads\/2026\/04\/81-1536x1152.jpeg 1536w, https:\/\/jaumevendrell.net\/wp-content\/uploads\/2026\/04\/81.jpeg 1600w\" sizes=\"auto, (max-width: 1024px) 100vw, 1024px\" \/><\/figure>\n\n\n<figure class=\"wp-block-image size-large\"><img loading=\"lazy\" decoding=\"async\" width=\"576\" height=\"1024\" data-id=\"135\" src=\"https:\/\/jaumevendrell.net\/wp-content\/uploads\/2026\/04\/83-576x1024.jpeg\" alt=\"\" class=\"wp-image-135\" srcset=\"https:\/\/jaumevendrell.net\/wp-content\/uploads\/2026\/04\/83-576x1024.jpeg 576w, https:\/\/jaumevendrell.net\/wp-content\/uploads\/2026\/04\/83-169x300.jpeg 169w, https:\/\/jaumevendrell.net\/wp-content\/uploads\/2026\/04\/83-768x1365.jpeg 768w, https:\/\/jaumevendrell.net\/wp-content\/uploads\/2026\/04\/83-864x1536.jpeg 864w, https:\/\/jaumevendrell.net\/wp-content\/uploads\/2026\/04\/83.jpeg 900w\" sizes=\"auto, (max-width: 576px) 100vw, 576px\" \/><\/figure>\n\n\n<figure class=\"wp-block-image size-large\"><img loading=\"lazy\" decoding=\"async\" width=\"768\" height=\"1024\" data-id=\"136\" src=\"https:\/\/jaumevendrell.net\/wp-content\/uploads\/2026\/04\/96-768x1024.jpeg\" alt=\"\" class=\"wp-image-136\" srcset=\"https:\/\/jaumevendrell.net\/wp-content\/uploads\/2026\/04\/96-768x1024.jpeg 768w, https:\/\/jaumevendrell.net\/wp-content\/uploads\/2026\/04\/96-225x300.jpeg 225w, https:\/\/jaumevendrell.net\/wp-content\/uploads\/2026\/04\/96-1152x1536.jpeg 1152w, https:\/\/jaumevendrell.net\/wp-content\/uploads\/2026\/04\/96.jpeg 1200w\" sizes=\"auto, (max-width: 768px) 100vw, 768px\" \/><\/figure><\/figure>\n\n<div class=\"wp-block-cover alignfull is-light\" style=\"min-height:720px;aspect-ratio:unset;\"><span aria-hidden=\"true\" class=\"wp-block-cover__background has-background-dim-100 has-background-dim has-background-gradient\" style=\"background:linear-gradient(35deg,rgb(6,0,151) 0%,rgb(130,4,255) 73%,rgb(193,15,255) 100%)\"><\/span><div class=\"wp-block-cover__inner-container is-layout-flow wp-block-cover-is-layout-flow\">\n<div class=\"inherit-container-width wp-block-group alignwide is-layout-constrained wp-block-group-is-layout-constrained\">\n<h2 class=\"wp-block-heading has-text-align-center has-white-color has-text-color\">Voleu fer el vostre esdeveniment m\u00e9s divertit i diferent?<\/h2>\n\n\n\n<p class=\"has-text-align-center has-ast-global-color-5-color has-text-color has-link-color wp-elements-90784d67b03bcc6da9b6bf05fbe1206c\">Us ajudem a crear una experi\u00e8ncia que ning\u00fa oblidar\u00e0.<\/p>\n\n\n\n<div class=\"wp-block-buttons is-content-justification-center is-layout-flex wp-container-core-buttons-is-layout-a89b3969 wp-block-buttons-is-layout-flex\">\n<div class=\"wp-block-button\"><a class=\"wp-block-button__link has-small-font-size has-custom-font-size wp-element-button\" href=\"TEL:660263597\">TRUCAR ARA<\/a><\/div>\n\n\n\n<div class=\"wp-block-button\"><a class=\"wp-block-button__link has-ast-global-color-5-color has-vivid-green-cyan-background-color has-text-color has-background has-link-color has-small-font-size has-custom-font-size wp-element-button\" href=\"https:\/\/wa.me\/34660263597\">SOL\u00b7LICITAR PRESSUPOST<\/a><\/div>\n<\/div>\n<\/div>\n<\/div><\/div>\n","protected":false},"excerpt":{"rendered":"<p>Oferim una \u00e0mplia varietat d\u2019atraccions i serveis d\u2019animaci\u00f3 per a esdeveniments p\u00fablics i privats. Des de festes infantils fins a [&hellip;]<\/p>\n","protected":false},"author":1,"featured_media":0,"parent":0,"menu_order":0,"comment_status":"closed","ping_status":"closed","template":"","meta":{"site-sidebar-layout":"default","site-content-layout":"","ast-site-content-layout":"default","site-content-style":"default","site-sidebar-style":"default","ast-global-header-display":"","ast-banner-title-visibility":"","ast-main-header-display":"","ast-hfb-above-header-display":"","ast-hfb-below-header-display":"","ast-hfb-mobile-header-display":"","site-post-title":"","ast-breadcrumbs-content":"","ast-featured-img":"","footer-sml-layout":"","ast-disable-related-posts":"","theme-transparent-header-meta":"","adv-header-id-meta":"","stick-header-meta":"","header-above-stick-meta":"","header-main-stick-meta":"","header-below-stick-meta":"","astra-migrate-meta-layouts":"default","ast-page-background-enabled":"default","ast-page-background-meta":{"desktop":{"background-color":"var(--ast-global-color-5)","background-image":"","background-repeat":"repeat","background-position":"center center","background-size":"auto","background-attachment":"scroll","background-type":"","background-media":"","overlay-type":"","overlay-color":"","overlay-opacity":"","overlay-gradient":""},"tablet":{"background-color":"","background-image":"","background-repeat":"repeat","background-position":"center center","background-size":"auto","background-attachment":"scroll","background-type":"","background-media":"","overlay-type":"","overlay-color":"","overlay-opacity":"","overlay-gradient":""},"mobile":{"background-color":"","background-image":"","background-repeat":"repeat","background-position":"center center","background-size":"auto","background-attachment":"scroll","background-type":"","background-media":"","overlay-type":"","overlay-color":"","overlay-opacity":"","overlay-gradient":""}},"ast-content-background-meta":{"desktop":{"background-color":"var(--ast-global-color-4)","background-image":"","background-repeat":"repeat","background-position":"center center","background-size":"auto","background-attachment":"scroll","background-type":"","background-media":"","overlay-type":"","overlay-color":"","overlay-opacity":"","overlay-gradient":""},"tablet":{"background-color":"var(--ast-global-color-4)","background-image":"","background-repeat":"repeat","background-position":"center center","background-size":"auto","background-attachment":"scroll","background-type":"","background-media":"","overlay-type":"","overlay-color":"","overlay-opacity":"","overlay-gradient":""},"mobile":{"background-color":"var(--ast-global-color-4)","background-image":"","background-repeat":"repeat","background-position":"center center","background-size":"auto","background-attachment":"scroll","background-type":"","background-media":"","overlay-type":"","overlay-color":"","overlay-opacity":"","overlay-gradient":""}},"footnotes":""},"class_list":["post-188","page","type-page","status-publish","hentry"],"_links":{"self":[{"href":"https:\/\/jaumevendrell.net\/ca\/wp-json\/wp\/v2\/pages\/188","targetHints":{"allow":["GET"]}}],"collection":[{"href":"https:\/\/jaumevendrell.net\/ca\/wp-json\/wp\/v2\/pages"}],"about":[{"href":"https:\/\/jaumevendrell.net\/ca\/wp-json\/wp\/v2\/types\/page"}],"author":[{"embeddable":true,"href":"https:\/\/jaumevendrell.net\/ca\/wp-json\/wp\/v2\/users\/1"}],"replies":[{"embeddable":true,"href":"https:\/\/jaumevendrell.net\/ca\/wp-json\/wp\/v2\/comments?post=188"}],"version-history":[{"count":1,"href":"https:\/\/jaumevendrell.net\/ca\/wp-json\/wp\/v2\/pages\/188\/revisions"}],"predecessor-version":[{"id":189,"href":"https:\/\/jaumevendrell.net\/ca\/wp-json\/wp\/v2\/pages\/188\/revisions\/189"}],"wp:attachment":[{"href":"https:\/\/jaumevendrell.net\/ca\/wp-json\/wp\/v2\/media?parent=188"}],"curies":[{"name":"wp","href":"https:\/\/api.w.org\/{rel}","templated":true}]}}