{"id":190,"date":"2026-04-08T09:36:24","date_gmt":"2026-04-08T07:36:24","guid":{"rendered":"https:\/\/jaumevendrell.net\/telecomunicacions\/"},"modified":"2026-04-08T12:12:39","modified_gmt":"2026-04-08T10:12:39","slug":"telecomunicacions","status":"publish","type":"page","link":"https:\/\/jaumevendrell.net\/ca\/telecomunicacions\/","title":{"rendered":"Telecomunicacions"},"content":{"rendered":"\n<div class=\"wp-block-cover alignfull\" style=\"min-height:720px;aspect-ratio:unset;\"><span aria-hidden=\"true\" class=\"wp-block-cover__background has-background-dim-100 has-background-dim has-background-gradient has-midnight-gradient-background\"><\/span><div class=\"wp-block-cover__inner-container is-layout-flow wp-block-cover-is-layout-flow\">\n<div class=\"inherit-container-width wp-block-group alignwide is-layout-constrained wp-block-group-is-layout-constrained\">\n<div class=\"wp-block-media-text alignwide has-media-on-the-right is-stacked-on-mobile is-vertically-aligned-center\" style=\"grid-template-columns:auto 33%\"><div class=\"wp-block-media-text__content\">\n<h2 class=\"wp-block-heading has-text-align-left has-white-color has-text-color\">Instal\u00b7lacions de telecomunicacions i sistemes el\u00e8ctrics<\/h2>\n\n\n\n<p class=\"has-white-color has-text-color\">Solucions professionals en electricitat, antenes, porters autom\u00e0tics i sistemes de vigil\u00e0ncia.<\/p>\n\n\n\n<div class=\"wp-block-buttons is-layout-flex wp-block-buttons-is-layout-flex\">\n<div class=\"wp-block-button\"><a class=\"wp-block-button__link has-small-font-size has-custom-font-size wp-element-button\" href=\"TEL:660263597\">TRUCAR ARA<\/a><\/div>\n\n\n\n<div class=\"wp-block-button\"><a class=\"wp-block-button__link has-ast-global-color-5-color has-vivid-green-cyan-background-color has-text-color has-background has-link-color has-small-font-size has-custom-font-size wp-element-button\" href=\"https:\/\/wa.me\/34660263597\">SOL\u00b7LICITAR PRESSUPOST<\/a><\/div>\n<\/div>\n<\/div><figure class=\"wp-block-media-text__media\"><img decoding=\"async\" src=\"https:\/\/jaumevendrell.net\/wp-content\/uploads\/2026\/04\/pexels-photo-33531830-576x1024.jpeg\" alt=\"\" class=\"wp-image-125 size-full\"\/><\/figure><\/div>\n<\/div>\n<\/div><\/div>\n\n<div class=\"wp-block-group alignfull has-vivid-cyan-blue-to-vivid-purple-gradient-background has-background is-layout-constrained wp-container-core-group-is-layout-cfcca693 wp-block-group-is-layout-constrained\" id=\"contact\" style=\"padding-top:104px;padding-bottom:104px\">\n<h2 class=\"wp-block-heading has-text-align-center has-ast-global-color-7-color has-text-color has-medium-font-size\">Oferim serveis d\u2019instal\u00b7laci\u00f3 i manteniment en telecomunicacions i sistemes el\u00e8ctrics per a habitatges, empreses i espais p\u00fablics.<\/h2>\n\n\n\n<p class=\"has-text-align-center has-ast-global-color-5-color has-text-color has-link-color wp-elements-7afc6fe31d07c907a97ff490726774d2\">Treballem amb solucions fiables i adaptades a cada client, tant en noves instal\u00b7lacions com en reparacions i manteniment.<\/p>\n\n\n<div class=\"aligncenter wp-block-site-logo\"><img loading=\"lazy\" decoding=\"async\" width=\"158\" height=\"26\" src=\"https:\/\/jaumevendrell.net\/wp-content\/uploads\/2026\/04\/logoJAUME.png\" class=\"custom-logo\" alt=\"Jaume Vendrell\" srcset=\"https:\/\/jaumevendrell.net\/wp-content\/uploads\/2026\/04\/logoJAUME.png 400w, https:\/\/jaumevendrell.net\/wp-content\/uploads\/2026\/04\/logoJAUME-300x51.png 300w\" sizes=\"auto, (max-width: 158px) 100vw, 158px\" \/><\/div><\/div>\n\n<div class=\"wp-block-columns alignfull is-layout-flex wp-container-core-columns-is-layout-28f84493 wp-block-columns-is-layout-flex\">\n<div class=\"wp-block-column is-layout-flow wp-block-column-is-layout-flow\">\n<p class=\"has-text-align-center has-x-large-font-size\">\u26a1<\/p>\n\n\n\n<h3 class=\"wp-block-heading has-text-align-center has-medium-font-size\">Instal\u00b7lacions el\u00e8ctriques<\/h3>\n\n\n\n<p class=\"has-text-align-center\">Serveis d\u2019electricitat per a:<\/p>\n\n\n\n<ul class=\"wp-block-list\">\n<li>instal\u00b7lacions p\u00fabliques<\/li>\n\n\n\n<li>habitatges<\/li>\n\n\n\n<li>locals comercials<\/li>\n<\/ul>\n<\/div>\n\n\n\n<div class=\"wp-block-column is-layout-flow wp-block-column-is-layout-flow\">\n<p class=\"has-text-align-center has-x-large-font-size\">\ud83d\udce1<\/p>\n\n\n\n<h3 class=\"wp-block-heading has-text-align-center has-medium-font-size\">Antenes i TDT<\/h3>\n\n\n\n<p class=\"has-text-align-center\">Instal\u00b7laci\u00f3 i manteniment de:<\/p>\n\n\n\n<ul class=\"wp-block-list\">\n<li>sistemes TDT<\/li>\n\n\n\n<li>antenes individuals<\/li>\n\n\n\n<li>antenes comunit\u00e0ries<\/li>\n<\/ul>\n<\/div>\n\n\n\n<div class=\"wp-block-column is-layout-flow wp-block-column-is-layout-flow\">\n<p class=\"has-text-align-center has-x-large-font-size\">\ud83d\udeaa<\/p>\n\n\n\n<h3 class=\"wp-block-heading has-text-align-center has-medium-font-size\">Porters electr\u00f2nics<\/h3>\n\n\n\n<p class=\"has-text-align-center\">Instal\u00b7laci\u00f3 de:<\/p>\n\n\n\n<ul class=\"wp-block-list\">\n<li>sistemes d\u2019acc\u00e9s<\/li>\n\n\n\n<li>porters autom\u00e0tics<\/li>\n\n\n\n<li>videoporters<\/li>\n<\/ul>\n<\/div>\n\n\n\n<div class=\"wp-block-column is-layout-flow wp-block-column-is-layout-flow\">\n<p class=\"has-text-align-center has-x-large-font-size\">\ud83c\udfa5<\/p>\n\n\n\n<h3 class=\"wp-block-heading has-text-align-center has-medium-font-size\">Sistemes de vigil\u00e0ncia<\/h3>\n\n\n\n<p class=\"has-text-align-center\">Solucions de seguretat:<\/p>\n\n\n\n<ul class=\"wp-block-list\">\n<li>monitoratge d\u2019espais<\/li>\n\n\n\n<li>c\u00e0meres de vigil\u00e0ncia<\/li>\n\n\n\n<li>sistemes de control<\/li>\n<\/ul>\n<\/div>\n\n\n\n<div class=\"wp-block-column is-layout-flow wp-block-column-is-layout-flow\">\n<p class=\"has-text-align-center has-x-large-font-size\">\ud83d\udce2<\/p>\n\n\n\n<h3 class=\"wp-block-heading has-text-align-center has-medium-font-size\">Sistemes d\u2019emerg\u00e8ncia<\/h3>\n\n\n\n<p class=\"has-text-align-center\">Instal\u00b7laci\u00f3 de sistemes per a:<\/p>\n\n\n\n<ul class=\"wp-block-list\">\n<li>evacuaci\u00f3<\/li>\n\n\n\n<li>avisos<\/li>\n\n\n\n<li>seguretat<\/li>\n<\/ul>\n<\/div>\n\n\n\n<div class=\"wp-block-column is-layout-flow wp-block-column-is-layout-flow\">\n<p class=\"has-text-align-center has-x-large-font-size\">\ud83d\udd27<\/p>\n\n\n\n<h3 class=\"wp-block-heading has-text-align-center has-medium-font-size\">Manteniment i reparacions<\/h3>\n\n\n\n<p class=\"has-text-align-center\">Servei t\u00e8cnic per a:<\/p>\n\n\n\n<ul class=\"wp-block-list\">\n<li>manteniment preventiu<\/li>\n\n\n\n<li>revisions<\/li>\n\n\n\n<li>avaries<\/li>\n<\/ul>\n<\/div>\n<\/div>\n\n<div class=\"wp-block-cover alignfull is-light\" style=\"min-height:720px;aspect-ratio:unset;\"><span aria-hidden=\"true\" class=\"wp-block-cover__background has-background-dim-100 has-background-dim has-background-gradient\" style=\"background:linear-gradient(35deg,rgb(6,0,151) 0%,rgb(130,4,255) 73%,rgb(193,15,255) 100%)\"><\/span><div class=\"wp-block-cover__inner-container is-layout-flow wp-block-cover-is-layout-flow\">\n<div class=\"inherit-container-width wp-block-group alignwide is-layout-constrained wp-block-group-is-layout-constrained\">\n<h2 class=\"wp-block-heading has-text-align-center has-white-color has-text-color\">Necessiteu una instal\u00b7laci\u00f3 o reparaci\u00f3 en telecomunicacions?<\/h2>\n\n\n\n<p class=\"has-text-align-center has-ast-global-color-5-color has-text-color has-link-color wp-elements-f259f4af3f8e7573523f880a99e6c86e\">Contacteu amb nosaltres i us assessorarem sense comprom\u00eds.<\/p>\n\n\n\n<div class=\"wp-block-buttons is-content-justification-center is-layout-flex wp-container-core-buttons-is-layout-a89b3969 wp-block-buttons-is-layout-flex\">\n<div class=\"wp-block-button\"><a class=\"wp-block-button__link has-small-font-size has-custom-font-size wp-element-button\" href=\"TEL:660263597\">TRUCAR ARA<\/a><\/div>\n\n\n\n<div class=\"wp-block-button\"><a class=\"wp-block-button__link has-ast-global-color-5-color has-vivid-green-cyan-background-color has-text-color has-background has-link-color has-small-font-size has-custom-font-size wp-element-button\" href=\"https:\/\/wa.me\/34660263597\">SOL\u00b7LICITAR PRESSUPOST<\/a><\/div>\n<\/div>\n<\/div>\n<\/div><\/div>\n","protected":false},"excerpt":{"rendered":"<p>Oferim serveis d\u2019instal\u00b7laci\u00f3 i manteniment en telecomunicacions i sistemes el\u00e8ctrics per a habitatges, empreses i espais p\u00fablics. Treballem amb solucions [&hellip;]<\/p>\n","protected":false},"author":1,"featured_media":0,"parent":0,"menu_order":0,"comment_status":"closed","ping_status":"closed","template":"","meta":{"site-sidebar-layout":"default","site-content-layout":"","ast-site-content-layout":"default","site-content-style":"default","site-sidebar-style":"default","ast-global-header-display":"","ast-banner-title-visibility":"","ast-main-header-display":"","ast-hfb-above-header-display":"","ast-hfb-below-header-display":"","ast-hfb-mobile-header-display":"","site-post-title":"","ast-breadcrumbs-content":"","ast-featured-img":"","footer-sml-layout":"","ast-disable-related-posts":"","theme-transparent-header-meta":"","adv-header-id-meta":"","stick-header-meta":"","header-above-stick-meta":"","header-main-stick-meta":"","header-below-stick-meta":"","astra-migrate-meta-layouts":"default","ast-page-background-enabled":"default","ast-page-background-meta":{"desktop":{"background-color":"var(--ast-global-color-5)","background-image":"","background-repeat":"repeat","background-position":"center center","background-size":"auto","background-attachment":"scroll","background-type":"","background-media":"","overlay-type":"","overlay-color":"","overlay-opacity":"","overlay-gradient":""},"tablet":{"background-color":"","background-image":"","background-repeat":"repeat","background-position":"center center","background-size":"auto","background-attachment":"scroll","background-type":"","background-media":"","overlay-type":"","overlay-color":"","overlay-opacity":"","overlay-gradient":""},"mobile":{"background-color":"","background-image":"","background-repeat":"repeat","background-position":"center center","background-size":"auto","background-attachment":"scroll","background-type":"","background-media":"","overlay-type":"","overlay-color":"","overlay-opacity":"","overlay-gradient":""}},"ast-content-background-meta":{"desktop":{"background-color":"var(--ast-global-color-4)","background-image":"","background-repeat":"repeat","background-position":"center center","background-size":"auto","background-attachment":"scroll","background-type":"","background-media":"","overlay-type":"","overlay-color":"","overlay-opacity":"","overlay-gradient":""},"tablet":{"background-color":"var(--ast-global-color-4)","background-image":"","background-repeat":"repeat","background-position":"center center","background-size":"auto","background-attachment":"scroll","background-type":"","background-media":"","overlay-type":"","overlay-color":"","overlay-opacity":"","overlay-gradient":""},"mobile":{"background-color":"var(--ast-global-color-4)","background-image":"","background-repeat":"repeat","background-position":"center center","background-size":"auto","background-attachment":"scroll","background-type":"","background-media":"","overlay-type":"","overlay-color":"","overlay-opacity":"","overlay-gradient":""}},"footnotes":""},"class_list":["post-190","page","type-page","status-publish","hentry"],"_links":{"self":[{"href":"https:\/\/jaumevendrell.net\/ca\/wp-json\/wp\/v2\/pages\/190","targetHints":{"allow":["GET"]}}],"collection":[{"href":"https:\/\/jaumevendrell.net\/ca\/wp-json\/wp\/v2\/pages"}],"about":[{"href":"https:\/\/jaumevendrell.net\/ca\/wp-json\/wp\/v2\/types\/page"}],"author":[{"embeddable":true,"href":"https:\/\/jaumevendrell.net\/ca\/wp-json\/wp\/v2\/users\/1"}],"replies":[{"embeddable":true,"href":"https:\/\/jaumevendrell.net\/ca\/wp-json\/wp\/v2\/comments?post=190"}],"version-history":[{"count":1,"href":"https:\/\/jaumevendrell.net\/ca\/wp-json\/wp\/v2\/pages\/190\/revisions"}],"predecessor-version":[{"id":192,"href":"https:\/\/jaumevendrell.net\/ca\/wp-json\/wp\/v2\/pages\/190\/revisions\/192"}],"wp:attachment":[{"href":"https:\/\/jaumevendrell.net\/ca\/wp-json\/wp\/v2\/media?parent=190"}],"curies":[{"name":"wp","href":"https:\/\/api.w.org\/{rel}","templated":true}]}}