{"id":193,"date":"2026-04-08T09:36:24","date_gmt":"2026-04-08T07:36:24","guid":{"rendered":"https:\/\/jaumevendrell.net\/audiovisuals\/"},"modified":"2026-04-08T12:12:39","modified_gmt":"2026-04-08T10:12:39","slug":"audiovisuals","status":"publish","type":"page","link":"https:\/\/jaumevendrell.net\/ca\/audiovisuals\/","title":{"rendered":"Audiovisuals"},"content":{"rendered":"\n<div class=\"wp-block-cover alignfull\" style=\"min-height:720px;aspect-ratio:unset;\"><span aria-hidden=\"true\" class=\"wp-block-cover__background has-background-dim-100 has-background-dim has-background-gradient has-midnight-gradient-background\"><\/span><div class=\"wp-block-cover__inner-container is-layout-flow wp-block-cover-is-layout-flow\">\n<div class=\"inherit-container-width wp-block-group alignwide is-layout-constrained wp-block-group-is-layout-constrained\">\n<div class=\"wp-block-media-text alignwide has-media-on-the-right is-stacked-on-mobile is-vertically-aligned-center\" style=\"grid-template-columns:auto 33%\"><div class=\"wp-block-media-text__content\">\n<h2 class=\"wp-block-heading has-text-align-left has-white-color has-text-color\" style=\"font-size:40px\">Serveis audiovisuals per a esdeveniments i presentacions<\/h2>\n\n\n\n<p class=\"has-white-color has-text-color\">Projectors, pantalles i sistemes audiovisuals per a tota mena d\u2019esdeveniments, espais i necessitats.<\/p>\n\n\n\n<div class=\"wp-block-buttons is-layout-flex wp-block-buttons-is-layout-flex\">\n<div class=\"wp-block-button\"><a class=\"wp-block-button__link has-small-font-size has-custom-font-size wp-element-button\" href=\"TEL:660263597\">TRUCAR ARA<\/a><\/div>\n\n\n\n<div class=\"wp-block-button\"><a class=\"wp-block-button__link has-ast-global-color-5-color has-vivid-green-cyan-background-color has-text-color has-background has-link-color has-small-font-size has-custom-font-size wp-element-button\" href=\"https:\/\/wa.me\/34660263597\">SOL\u00b7LICITAR PRESSUPOST<\/a><\/div>\n<\/div>\n<\/div><figure class=\"wp-block-media-text__media\"><img loading=\"lazy\" decoding=\"async\" width=\"1024\" height=\"768\" src=\"https:\/\/jaumevendrell.net\/wp-content\/uploads\/2026\/04\/31-1024x768.jpeg\" alt=\"\" class=\"wp-image-72 size-full\" srcset=\"https:\/\/jaumevendrell.net\/wp-content\/uploads\/2026\/04\/31-1024x768.jpeg 1024w, https:\/\/jaumevendrell.net\/wp-content\/uploads\/2026\/04\/31-300x225.jpeg 300w, https:\/\/jaumevendrell.net\/wp-content\/uploads\/2026\/04\/31-768x576.jpeg 768w, https:\/\/jaumevendrell.net\/wp-content\/uploads\/2026\/04\/31-1536x1152.jpeg 1536w, https:\/\/jaumevendrell.net\/wp-content\/uploads\/2026\/04\/31.jpeg 1600w\" sizes=\"auto, (max-width: 1024px) 100vw, 1024px\" \/><\/figure><\/div>\n<\/div>\n<\/div><\/div>\n\n<div class=\"wp-block-group alignfull has-background is-layout-constrained wp-container-core-group-is-layout-cfcca693 wp-block-group-is-layout-constrained\" id=\"contact\" style=\"background:linear-gradient(135deg,rgb(252,129,0) 0%,rgb(254,199,0) 100%);padding-top:104px;padding-bottom:104px\">\n<h2 class=\"wp-block-heading has-text-align-center has-ast-global-color-8-color has-text-color has-medium-font-size\">Oferim solucions audiovisuals completes per a esdeveniments, presentacions i espais professionals.<\/h2>\n\n\n\n<p class=\"has-text-align-center has-ast-global-color-8-color has-text-color has-link-color wp-elements-1cd80bced33a03b832260e7393097433\">Ens encarreguem del muntatge, la configuraci\u00f3 i el suport t\u00e8cnic per garantir una experi\u00e8ncia visual i sonora d\u2019alta qualitat.<\/p>\n\n\n<div class=\"aligncenter wp-block-site-logo wp-duotone-dark-grayscale\"><img loading=\"lazy\" decoding=\"async\" width=\"158\" height=\"26\" src=\"https:\/\/jaumevendrell.net\/wp-content\/uploads\/2026\/04\/logoJAUME.png\" class=\"custom-logo\" alt=\"Jaume Vendrell\" srcset=\"https:\/\/jaumevendrell.net\/wp-content\/uploads\/2026\/04\/logoJAUME.png 400w, https:\/\/jaumevendrell.net\/wp-content\/uploads\/2026\/04\/logoJAUME-300x51.png 300w\" sizes=\"auto, (max-width: 158px) 100vw, 158px\" \/><\/div><\/div>\n\n<div class=\"wp-block-columns alignfull is-layout-flex wp-container-core-columns-is-layout-28f84493 wp-block-columns-is-layout-flex\">\n<div class=\"wp-block-column is-layout-flow wp-block-column-is-layout-flow\">\n<p class=\"has-text-align-center has-x-large-font-size\">\ud83d\udcfd\ufe0f<\/p>\n\n\n\n<h3 class=\"wp-block-heading has-text-align-center has-medium-font-size\">Projectors i pantalles<\/h3>\n\n\n\n<p>Lloguer i instal\u00b7laci\u00f3 de:<\/p>\n\n\n\n<ul class=\"wp-block-list\">\n<li>projectors<\/li>\n\n\n\n<li>pantalles de gran format<\/li>\n\n\n\n<li>sistemes de projecci\u00f3 per a esdeveniments<\/li>\n<\/ul>\n<\/div>\n\n\n\n<div class=\"wp-block-column is-layout-flow wp-block-column-is-layout-flow\">\n<p class=\"has-text-align-center has-x-large-font-size\">\ud83c\udfa4<\/p>\n\n\n\n<h3 class=\"wp-block-heading has-text-align-center has-medium-font-size\">Sistemes audiovisuals complets<\/h3>\n\n\n\n<p class=\"has-text-align-center\">Muntatge de solucions integrals que combinen:<\/p>\n\n\n\n<ul class=\"wp-block-list\">\n<li>imatge<\/li>\n\n\n\n<li>so<\/li>\n\n\n\n<li>il\u00b7luminaci\u00f3<\/li>\n<\/ul>\n\n\n\n<p class=\"has-text-align-center\">Perfecte per a esdeveniments, confer\u00e8ncies i espectacles.<\/p>\n<\/div>\n\n\n\n<div class=\"wp-block-column is-layout-flow wp-block-column-is-layout-flow\">\n<p class=\"has-text-align-center has-x-large-font-size\">\ud83c\udfe2<\/p>\n\n\n\n<h3 class=\"wp-block-heading has-text-align-center has-medium-font-size\">Audiovisuals per a esdeveniments i empreses<\/h3>\n\n\n\n<p>Solucions per a:<\/p>\n\n\n\n<ul class=\"wp-block-list\">\n<li>presentacions corporatives<\/li>\n\n\n\n<li>esdeveniments d\u2019empresa<\/li>\n\n\n\n<li>fires i exposicions<\/li>\n<\/ul>\n<\/div>\n\n\n\n<div class=\"wp-block-column is-layout-flow wp-block-column-is-layout-flow\">\n<p class=\"has-text-align-center has-x-large-font-size\">\ud83c\udfaa<\/p>\n\n\n\n<h3 class=\"wp-block-heading has-text-align-center has-medium-font-size\">Esdeveniments i espectacles<\/h3>\n\n\n\n<p class=\"has-text-align-center\">Equipament audiovisual per a:<\/p>\n\n\n\n<ul class=\"wp-block-list\">\n<li>celebracions<\/li>\n\n\n\n<li>espectacles<\/li>\n\n\n\n<li>esdeveniments p\u00fablics<\/li>\n<\/ul>\n<\/div>\n<\/div>\n\n<div class=\"wp-block-group alignfull has-cool-to-warm-spectrum-gradient-background has-background is-layout-constrained wp-container-core-group-is-layout-cfcca693 wp-block-group-is-layout-constrained\" id=\"contact\" style=\"padding-top:104px;padding-bottom:104px\">\n<div class=\"wp-block-media-text alignwide is-stacked-on-mobile is-image-fill-element\"><figure class=\"wp-block-media-text__media\"><img loading=\"lazy\" decoding=\"async\" width=\"768\" height=\"1024\" src=\"https:\/\/jaumevendrell.net\/wp-content\/uploads\/2026\/04\/95-768x1024.jpeg\" alt=\"\" class=\"wp-image-78 size-full\" style=\"object-position:50% 50%\" srcset=\"https:\/\/jaumevendrell.net\/wp-content\/uploads\/2026\/04\/95-768x1024.jpeg 768w, https:\/\/jaumevendrell.net\/wp-content\/uploads\/2026\/04\/95-225x300.jpeg 225w, https:\/\/jaumevendrell.net\/wp-content\/uploads\/2026\/04\/95-1152x1536.jpeg 1152w, https:\/\/jaumevendrell.net\/wp-content\/uploads\/2026\/04\/95.jpeg 1200w\" sizes=\"auto, (max-width: 768px) 100vw, 768px\" \/><\/figure><div class=\"wp-block-media-text__content\">\n<p class=\"has-ast-global-color-5-color has-text-color has-link-color wp-elements-341f280a78d6344cf3692d61f37da3a7\">No nom\u00e9s proporcionem equips, ens encarreguem de tot el proc\u00e9s:<\/p>\n\n\n\n<ul class=\"wp-block-list\">\n<li class=\"has-ast-global-color-5-color has-text-color has-link-color wp-elements-5e35d6f896432f6aea5bcb6c3a8a0e01\">instal\u00b7laci\u00f3<\/li>\n\n\n\n<li class=\"has-ast-global-color-5-color has-text-color has-link-color wp-elements-33a69e3e9f7ab00cf837ef4fdce431d6\">configuraci\u00f3<\/li>\n\n\n\n<li class=\"has-ast-global-color-5-color has-text-color has-link-color wp-elements-0b39a9b8e44b7c848ed59f0559d0c6ee\">assist\u00e8ncia t\u00e8cnica durant l\u2019esdeveniment<\/li>\n<\/ul>\n\n\n\n<p class=\"has-ast-global-color-5-color has-text-color has-link-color wp-elements-507172dea5702b8c2a1aa1ad2c4b46b9\">Perqu\u00e8 tot funcioni sense preocupacions.<\/p>\n<\/div><\/div>\n<\/div>\n\n<figure class=\"wp-block-gallery has-nested-images columns-default is-cropped wp-block-gallery-1 is-layout-flex wp-block-gallery-is-layout-flex\">\n<figure class=\"wp-block-image size-large\"><img loading=\"lazy\" decoding=\"async\" width=\"768\" height=\"1024\" data-id=\"109\" src=\"https:\/\/jaumevendrell.net\/wp-content\/uploads\/2026\/04\/95-1-768x1024.jpeg\" alt=\"\" class=\"wp-image-109\" srcset=\"https:\/\/jaumevendrell.net\/wp-content\/uploads\/2026\/04\/95-1-768x1024.jpeg 768w, https:\/\/jaumevendrell.net\/wp-content\/uploads\/2026\/04\/95-1-225x300.jpeg 225w, https:\/\/jaumevendrell.net\/wp-content\/uploads\/2026\/04\/95-1-1152x1536.jpeg 1152w, https:\/\/jaumevendrell.net\/wp-content\/uploads\/2026\/04\/95-1.jpeg 1200w\" sizes=\"auto, (max-width: 768px) 100vw, 768px\" \/><\/figure>\n\n\n<figure class=\"wp-block-image size-large\"><img loading=\"lazy\" decoding=\"async\" width=\"768\" height=\"1024\" data-id=\"100\" src=\"https:\/\/jaumevendrell.net\/wp-content\/uploads\/2026\/04\/60-768x1024.jpeg\" alt=\"\" class=\"wp-image-100\" srcset=\"https:\/\/jaumevendrell.net\/wp-content\/uploads\/2026\/04\/60-768x1024.jpeg 768w, https:\/\/jaumevendrell.net\/wp-content\/uploads\/2026\/04\/60-225x300.jpeg 225w, https:\/\/jaumevendrell.net\/wp-content\/uploads\/2026\/04\/60-1152x1536.jpeg 1152w, https:\/\/jaumevendrell.net\/wp-content\/uploads\/2026\/04\/60.jpeg 1200w\" sizes=\"auto, (max-width: 768px) 100vw, 768px\" \/><\/figure>\n\n\n<figure class=\"wp-block-image size-large\"><img loading=\"lazy\" decoding=\"async\" width=\"1024\" height=\"768\" data-id=\"74\" src=\"https:\/\/jaumevendrell.net\/wp-content\/uploads\/2026\/04\/66-1024x768.jpeg\" alt=\"\" class=\"wp-image-74\" srcset=\"https:\/\/jaumevendrell.net\/wp-content\/uploads\/2026\/04\/66-1024x768.jpeg 1024w, https:\/\/jaumevendrell.net\/wp-content\/uploads\/2026\/04\/66-300x225.jpeg 300w, https:\/\/jaumevendrell.net\/wp-content\/uploads\/2026\/04\/66-768x576.jpeg 768w, https:\/\/jaumevendrell.net\/wp-content\/uploads\/2026\/04\/66-1536x1152.jpeg 1536w, https:\/\/jaumevendrell.net\/wp-content\/uploads\/2026\/04\/66.jpeg 1600w\" sizes=\"auto, (max-width: 1024px) 100vw, 1024px\" \/><\/figure>\n\n\n<figure class=\"wp-block-image size-large\"><img loading=\"lazy\" decoding=\"async\" width=\"768\" height=\"1024\" data-id=\"116\" src=\"https:\/\/jaumevendrell.net\/wp-content\/uploads\/2026\/04\/7-768x1024.jpeg\" alt=\"\" class=\"wp-image-116\" srcset=\"https:\/\/jaumevendrell.net\/wp-content\/uploads\/2026\/04\/7-768x1024.jpeg 768w, https:\/\/jaumevendrell.net\/wp-content\/uploads\/2026\/04\/7-225x300.jpeg 225w, https:\/\/jaumevendrell.net\/wp-content\/uploads\/2026\/04\/7-1152x1536.jpeg 1152w, https:\/\/jaumevendrell.net\/wp-content\/uploads\/2026\/04\/7.jpeg 1200w\" sizes=\"auto, (max-width: 768px) 100vw, 768px\" \/><\/figure>\n\n\n<figure class=\"wp-block-image size-large\"><img loading=\"lazy\" decoding=\"async\" width=\"1024\" height=\"768\" data-id=\"117\" src=\"https:\/\/jaumevendrell.net\/wp-content\/uploads\/2026\/04\/30-1024x768.jpeg\" alt=\"\" class=\"wp-image-117\" srcset=\"https:\/\/jaumevendrell.net\/wp-content\/uploads\/2026\/04\/30-1024x768.jpeg 1024w, https:\/\/jaumevendrell.net\/wp-content\/uploads\/2026\/04\/30-300x225.jpeg 300w, https:\/\/jaumevendrell.net\/wp-content\/uploads\/2026\/04\/30-768x576.jpeg 768w, https:\/\/jaumevendrell.net\/wp-content\/uploads\/2026\/04\/30-1536x1152.jpeg 1536w, https:\/\/jaumevendrell.net\/wp-content\/uploads\/2026\/04\/30.jpeg 1600w\" sizes=\"auto, (max-width: 1024px) 100vw, 1024px\" \/><\/figure><\/figure>\n\n<div class=\"wp-block-group alignfull has-ast-global-color-4-background-color has-background is-layout-constrained wp-container-core-group-is-layout-cfcca693 wp-block-group-is-layout-constrained\" id=\"contact\" style=\"padding-top:104px;padding-bottom:104px\">\n<div class=\"wp-block-columns alignwide is-layout-flex wp-container-core-columns-is-layout-28f84493 wp-block-columns-is-layout-flex\">\n<div class=\"wp-block-column is-layout-flow wp-block-column-is-layout-flow\">\n<p class=\"has-text-align-left has-medium-font-size\"><strong>QUI ENS TRIA<\/strong><\/p>\n\n\n\n<p><strong>Treballem amb:<\/strong><\/p>\n\n\n\n<ul class=\"wp-block-list\">\n<li>Fires i espais p\u00fablics<\/li>\n\n\n\n<li>Empreses<\/li>\n\n\n\n<li>Ajuntaments<\/li>\n\n\n\n<li>Organitzadors d\u2019esdeveniments<\/li>\n\n\n\n<li>Centres educatius<\/li>\n<\/ul>\n<\/div>\n\n\n\n<div class=\"wp-block-column is-layout-flow wp-block-column-is-layout-flow\">\n<p class=\"has-text-align-left has-medium-font-size\"><strong>PER QU\u00c8 TRIAR-NOS<\/strong><\/p>\n\n\n\n<p class=\"has-text-align-center\"><strong>Solucions personalitzades<\/strong><\/p>\n\n\n\n<ul class=\"wp-block-list\">\n<li>Servei complet (equip + muntatge + suport)<\/li>\n\n\n\n<li>Adaptaci\u00f3 a cada tipus d\u2019esdeveniment<\/li>\n\n\n\n<li>Experi\u00e8ncia en esdeveniments p\u00fablics i privats<\/li>\n<\/ul>\n<\/div>\n<\/div>\n<\/div>\n\n<div class=\"wp-block-cover alignfull is-light\" style=\"min-height:720px;aspect-ratio:unset;\"><span aria-hidden=\"true\" class=\"wp-block-cover__background has-background-dim-100 has-background-dim has-background-gradient\" style=\"background:linear-gradient(35deg,rgb(6,0,151) 0%,rgb(130,4,255) 73%,rgb(193,15,255) 100%)\"><\/span><div class=\"wp-block-cover__inner-container is-layout-flow wp-block-cover-is-layout-flow\">\n<div class=\"inherit-container-width wp-block-group alignwide is-layout-constrained wp-block-group-is-layout-constrained\">\n<h2 class=\"wp-block-heading has-text-align-center has-white-color has-text-color\">Necessiteu un sistema audiovisual per al vostre esdeveniment o presentaci\u00f3?<\/h2>\n\n\n\n<p class=\"has-text-align-center has-ast-global-color-5-color has-text-color has-link-color wp-elements-11e0aa3c93e7b4d729bb228152c3fac4\">Ens encarreguem de tot perqu\u00e8 nom\u00e9s us h\u00e0giu de preocupar que surti perfecte.<\/p>\n\n\n\n<div class=\"wp-block-buttons is-content-justification-center is-layout-flex wp-container-core-buttons-is-layout-a89b3969 wp-block-buttons-is-layout-flex\">\n<div class=\"wp-block-button\"><a class=\"wp-block-button__link has-small-font-size has-custom-font-size wp-element-button\" href=\"TEL:660263597\">TRUCAR ARA<\/a><\/div>\n\n\n\n<div class=\"wp-block-button\"><a class=\"wp-block-button__link has-ast-global-color-5-color has-vivid-green-cyan-background-color has-text-color has-background has-link-color has-small-font-size has-custom-font-size wp-element-button\" href=\"https:\/\/wa.me\/34660263597\">SOL\u00b7LICITAR PRESSUPOST<\/a><\/div>\n<\/div>\n<\/div>\n<\/div><\/div>\n","protected":false},"excerpt":{"rendered":"<p>Oferim solucions audiovisuals completes per a esdeveniments, presentacions i espais professionals. Ens encarreguem del muntatge, la configuraci\u00f3 i el suport [&hellip;]<\/p>\n","protected":false},"author":1,"featured_media":0,"parent":0,"menu_order":0,"comment_status":"closed","ping_status":"closed","template":"","meta":{"site-sidebar-layout":"default","site-content-layout":"","ast-site-content-layout":"default","site-content-style":"default","site-sidebar-style":"default","ast-global-header-display":"","ast-banner-title-visibility":"","ast-main-header-display":"","ast-hfb-above-header-display":"","ast-hfb-below-header-display":"","ast-hfb-mobile-header-display":"","site-post-title":"","ast-breadcrumbs-content":"","ast-featured-img":"","footer-sml-layout":"","ast-disable-related-posts":"","theme-transparent-header-meta":"","adv-header-id-meta":"","stick-header-meta":"","header-above-stick-meta":"","header-main-stick-meta":"","header-below-stick-meta":"","astra-migrate-meta-layouts":"default","ast-page-background-enabled":"default","ast-page-background-meta":{"desktop":{"background-color":"var(--ast-global-color-5)","background-image":"","background-repeat":"repeat","background-position":"center center","background-size":"auto","background-attachment":"scroll","background-type":"","background-media":"","overlay-type":"","overlay-color":"","overlay-opacity":"","overlay-gradient":""},"tablet":{"background-color":"","background-image":"","background-repeat":"repeat","background-position":"center center","background-size":"auto","background-attachment":"scroll","background-type":"","background-media":"","overlay-type":"","overlay-color":"","overlay-opacity":"","overlay-gradient":""},"mobile":{"background-color":"","background-image":"","background-repeat":"repeat","background-position":"center center","background-size":"auto","background-attachment":"scroll","background-type":"","background-media":"","overlay-type":"","overlay-color":"","overlay-opacity":"","overlay-gradient":""}},"ast-content-background-meta":{"desktop":{"background-color":"var(--ast-global-color-4)","background-image":"","background-repeat":"repeat","background-position":"center center","background-size":"auto","background-attachment":"scroll","background-type":"","background-media":"","overlay-type":"","overlay-color":"","overlay-opacity":"","overlay-gradient":""},"tablet":{"background-color":"var(--ast-global-color-4)","background-image":"","background-repeat":"repeat","background-position":"center center","background-size":"auto","background-attachment":"scroll","background-type":"","background-media":"","overlay-type":"","overlay-color":"","overlay-opacity":"","overlay-gradient":""},"mobile":{"background-color":"var(--ast-global-color-4)","background-image":"","background-repeat":"repeat","background-position":"center center","background-size":"auto","background-attachment":"scroll","background-type":"","background-media":"","overlay-type":"","overlay-color":"","overlay-opacity":"","overlay-gradient":""}},"footnotes":""},"class_list":["post-193","page","type-page","status-publish","hentry"],"_links":{"self":[{"href":"https:\/\/jaumevendrell.net\/ca\/wp-json\/wp\/v2\/pages\/193","targetHints":{"allow":["GET"]}}],"collection":[{"href":"https:\/\/jaumevendrell.net\/ca\/wp-json\/wp\/v2\/pages"}],"about":[{"href":"https:\/\/jaumevendrell.net\/ca\/wp-json\/wp\/v2\/types\/page"}],"author":[{"embeddable":true,"href":"https:\/\/jaumevendrell.net\/ca\/wp-json\/wp\/v2\/users\/1"}],"replies":[{"embeddable":true,"href":"https:\/\/jaumevendrell.net\/ca\/wp-json\/wp\/v2\/comments?post=193"}],"version-history":[{"count":1,"href":"https:\/\/jaumevendrell.net\/ca\/wp-json\/wp\/v2\/pages\/193\/revisions"}],"predecessor-version":[{"id":194,"href":"https:\/\/jaumevendrell.net\/ca\/wp-json\/wp\/v2\/pages\/193\/revisions\/194"}],"wp:attachment":[{"href":"https:\/\/jaumevendrell.net\/ca\/wp-json\/wp\/v2\/media?parent=193"}],"curies":[{"name":"wp","href":"https:\/\/api.w.org\/{rel}","templated":true}]}}